{"id":26,"date":"2021-04-21T22:09:39","date_gmt":"2021-04-21T20:09:39","guid":{"rendered":"https:\/\/carloaudino.it\/?page_id=26"},"modified":"2026-03-23T10:16:47","modified_gmt":"2026-03-23T09:16:47","slug":"chi","status":"publish","type":"page","link":"https:\/\/carloaudino.it\/index.php\/chi\/","title":{"rendered":"Chi"},"content":{"rendered":"\n<p class=\"has-black-color has-text-color has-background\" style=\"background-color:#dee8f1;font-size:28px\">Sono molti anni che frequento l&#8217;ambiente della musica, un po&#8217; per passione un po&#8217; per gioco ma anche per lavoro.<br>Molti anni fa creai uno studio di registrazione proprio per poter registrare liberamente i miei brani ma poi gli amici mi venivano sempre a trovare per <em>scroccare<\/em> una incisione dei loro pezzi e cos\u00ec ho potuto fare molta esperienza come fonico e arrangiatore, pi\u00f9 che registrare fisicamente le mie canzoni!<br><\/p>\n\n\n\n<p class=\"has-black-color has-text-color has-background\" style=\"background-color:#dee8f1;font-size:28px\">Poi ci sono stati per lunghi anni i concorsi, i festivals, le gare canore e chi pi\u00f9 ne ha pi\u00f9 ne metta!<br>L&#8217;unico vero vantaggio di queste manifestazioni era la possibilit\u00e0 di poter conoscere altri artisti che condividevano le mie stesse passioni.<br>Poi \u00e8 arrivato il mondo reale ed i sogni di musica si sono trasformati in matrimonio, figli, casa, mutuo, carriera e cos\u00ec qualche composizione qua e la era fatta nei ritagli di tempo.<br>In compenso non mi sono mai fermato con le serate musicali, anche per arrotondare qualche soldino in pi\u00f9, e quando tutto il mondo reale si \u00e8 frantumato (trasformandosi in separazione, divorzio, maggiore et\u00e0 dei figli, prepensionamento per incidente stradale,&#8230;) allora \u00e8 tornato alla ribalta il mio lato artistico, con una ben pi\u00f9 profonda maturit\u00e0 ed esperienza (tangibile anche nei brani di recente creazione), la voce pi\u00f9 matura e perfettamente cavalcabile.<br><\/p>\n\n\n\n<p class=\"has-black-color has-text-color has-background\" style=\"background-color:#dee8f1;font-size:28px\">Cos\u00ec in questa seconda\/terza fase della mia et\u00e0, quando mi accorgo che molti amici inspiegabilmente non si incontrano pi\u00f9 per strada, <em><strong>in nessuna strada<\/strong><\/em> (almeno terrena), allora mi sono reso conto che, prima di organizzare con loro una strimpellata <em>su una spiaggia<\/em> <em>Celeste<\/em>, dovr\u00f2 fare in modo di rendere pubbliche tutte ( o quasi) le mie canzoni.<br>Esse sono state per me un momento di sfogo, di esternazione dei miei sentimenti in quel preciso momento della mia vita, e descrivono quello che accadeva dentro e fuori di me.<br>Il bello delle canzoni \u00e8 che, se talune sensazioni vengono ben incastonate nella brano che stai componendo, quasi certamente proverai quelle stesse emozioni ogni volta che, concentrato, la ascolterai, anche a distanza di molti anni: io addirittura riesco a sentire gli odori e i sapori, ad esempio, di un bacio\u2026<br>E allora, siccome anche altri possono provare qualche emozione ascoltando le mie canzoni, perch\u00e8 non condividerle con pi\u00f9 persone possibili?<br><\/p>\n\n\n\n<p class=\"has-black-color has-text-color has-background\" style=\"background-color:#dee8f1;font-size:28px\">Una volta si faceva questo per avere successo e per dare una svolta economica alla propria vita: adesso questo \u00e8 praticamente impossibile.<br>Solo in questi giorni, dopo aver ricevuto circa 13.000 streaming tra Spotify e YouTube con cinque brani, ho calcolato di avere diritto ad un compenso totale di circa 34,08 euro e quindi potrei andare a mangiare una pizza brindando con una spumeggiante birra (piccola) alla salute dei miei pi\u00f9 fedeli ascoltatori.<br>Ma alla fine \u00e8 proprio questo pensiero, quello di avere dei &#8220;followers&#8221; che provano emozioni con i miei brani, che mi ripaga davvero e abbondantemente delle spese sostenute e del lavoro artistico svolto.<br><\/p>\n\n\n\n<p class=\"has-black-color has-text-color has-background\" style=\"background-color:#dee8f1;font-size:28px\">Infine, ho sempre preferito la vera musica, quella suonata, quella che una volta si poteva replicare in una piazza gremita di gente, senza dover ricorrere a raddrizzatori, vocoder, basi e, peggio, playback vocali!<br>Bene, adesso, se non lo hai ancora fatto, ti invito a mettere pollici, cuori, &#8220;segui&#8221; e &#8220;follow&#8221; su tutti i miei brani (specialmente su Spotify e YouTube).<br>Puoi ascoltare le mie canzoni e intervenire nei blog che vorrei creare appositamente per dare voce a questo magnifico &#8220;Digital Soul Club&#8221;.<br>Grazie per la tua attenzione e spero di poterti incontrare al pi\u00f9 presto.<br>Carlo<\/p>\n\n\n\n<pre class=\"wp-block-code\"><code><\/code><\/pre>\n\n\n\n<p><\/p>\n","protected":false},"excerpt":{"rendered":"<p>Sono molti anni che frequento l&#8217;ambiente della musica, un po&#8217; per passione un po&#8217; per gioco ma anche&#8230;<\/p>\n","protected":false},"author":1,"featured_media":0,"parent":0,"menu_order":0,"comment_status":"closed","ping_status":"closed","template":"","meta":{"footnotes":""},"class_list":["post-26","page","type-page","status-publish","hentry"],"_links":{"self":[{"href":"https:\/\/carloaudino.it\/index.php\/wp-json\/wp\/v2\/pages\/26","targetHints":{"allow":["GET"]}}],"collection":[{"href":"https:\/\/carloaudino.it\/index.php\/wp-json\/wp\/v2\/pages"}],"about":[{"href":"https:\/\/carloaudino.it\/index.php\/wp-json\/wp\/v2\/types\/page"}],"author":[{"embeddable":true,"href":"https:\/\/carloaudino.it\/index.php\/wp-json\/wp\/v2\/users\/1"}],"replies":[{"embeddable":true,"href":"https:\/\/carloaudino.it\/index.php\/wp-json\/wp\/v2\/comments?post=26"}],"version-history":[{"count":11,"href":"https:\/\/carloaudino.it\/index.php\/wp-json\/wp\/v2\/pages\/26\/revisions"}],"predecessor-version":[{"id":1326,"href":"https:\/\/carloaudino.it\/index.php\/wp-json\/wp\/v2\/pages\/26\/revisions\/1326"}],"wp:attachment":[{"href":"https:\/\/carloaudino.it\/index.php\/wp-json\/wp\/v2\/media?parent=26"}],"curies":[{"name":"wp","href":"https:\/\/api.w.org\/{rel}","templated":true}]}}